{"id":12108,"date":"2024-05-24T22:38:20","date_gmt":"2024-05-24T20:38:20","guid":{"rendered":"https:\/\/www.aeps-group.com\/?page_id=12108"},"modified":"2026-01-08T11:53:47","modified_gmt":"2026-01-08T10:53:47","slug":"kde-koupit","status":"publish","type":"page","link":"https:\/\/www.aeps-group.com\/cs\/kde-koupit\/","title":{"rendered":"Kde koupit?"},"content":{"rendered":"<p><strong>Pro z\u00e1kazn\u00edky:<\/strong><\/p>\n<p>V\u00e1\u017een\u00fd z\u00e1kazn\u00edku, na\u0161e spole\u010dnost a s\u00eddlo se nach\u00e1z\u00ed v \u010cesk\u00e9 republice. <strong>Doporu\u010dujeme kontaktovat n\u00e1s p\u0159\u00edmo a z\u00edskat na\u0161e produkty p\u0159\u00edmo od n\u00e1s pro co nejefektivn\u011bj\u0161\u00ed proces a technickou podporu. <\/strong>M\u00e1te-li jak\u00e9koli dotazy t\u00fdkaj\u00edc\u00ed se na\u0161ich produkt\u016f nebo dod\u00e1n\u00ed do konkr\u00e9tn\u00ed zem\u011b, m\u016f\u017eete n\u00e1s v\u017edy kontaktovat prost\u0159ednictv\u00edm na\u0161eho <a href=\"https:\/\/www.aeps-group.com\/cs\/contacts\/\">kontaktn\u00edho formul\u00e1\u0159e<\/a>.<\/p>\n<p><a href=\"https:\/\/www.aeps-group.com\/wp-content\/uploads\/Term_and_Conditions.pdf\">P\u0159e\u010dt\u011bte si na\u0161e smluvn\u00ed podm\u00ednky.<\/a><\/p>\n<p>&nbsp;<\/p>\n<p><strong>Pro potenci\u00e1ln\u00ed partnery:<\/strong><\/p>\n<p>Hled\u00e1me kompetentn\u00ed a technicky siln\u00e9 partnery v r\u016fzn\u00fdch zem\u00edch Evropy i mimo ni, kte\u0159\u00ed n\u00e1m pomohou dod\u00e1vat na\u0161e produkty z\u00e1kazn\u00edk\u016fm po cel\u00e9m sv\u011bt\u011b! Jsme v\u017edy otev\u0159en\u00ed jedn\u00e1n\u00ed. Pokud chcete projednat mo\u017enou spolupr\u00e1ci, <a href=\"https:\/\/www.aeps-group.com\/cs\/contacts\/\">kontaktujte n\u00e1s<\/a>.<\/p>\n","protected":false},"excerpt":{"rendered":"<p>Pro z\u00e1kazn\u00edky:<br \/>\nV\u00e1\u017een\u00fd z\u00e1kazn\u00edku, na\u0161e spole\u010dnost a s\u00eddlo se nach\u00e1z\u00ed v \u010cesk\u00e9 republice. Doporu\u010dujeme kontaktovat n\u00e1s p\u0159\u00edmo a z\u00edskat na\u0161e produkty p\u0159\u00edmo od n\u00e1s pro co nejefektivn\u011bj\u0161\u00ed proces a technickou podporu. M\u00e1te-li jak\u00e9koli dotazy t\u00fdkaj\u00edc\u00ed se na\u0161ich produkt\u016f nebo dod\u00e1n\u00ed do konkr\u00e9tn\u00ed zem\u011b, m\u016f\u017eete n\u00e1s v\u017edy kontaktovat prost\u0159ednictv\u00edm na\u0161eho <a href=\"https:\/\/www.aeps-group.com\/cs\/contacts\/\">kontaktn\u00edho formul\u00e1\u0159e<\/a>.<br \/>\n<a href=\"https:\/\/www.aeps-group.com\/wp-content\/uploads\/Term_and_Conditions.pdf\">P\u0159e\u010dt\u011bte si na\u0161e smluvn\u00ed podm\u00ednky.<\/a><br \/>\n&nbsp;<br \/>\nPro potenci\u00e1ln\u00ed partnery:<br \/>\nHled\u00e1me kompetentn\u00ed a technicky siln\u00e9 partnery v r\u016fzn\u00fdch zem\u00edch Evropy i mimo ni, kte\u0159\u00ed n\u00e1m pomohou dod\u00e1vat na\u0161e produkty z\u00e1kazn\u00edk\u016fm po cel\u00e9m sv\u011bt\u011b! Jsme v\u017edy otev\u0159en\u00ed jedn\u00e1n\u00ed. Pokud chcete projednat mo\u017enou spolupr\u00e1ci, <a href=\"https:\/\/www.aeps-group.com\/cs\/contacts\/\">kontaktujte n\u00e1s<\/a>.<\/p>\n","protected":false},"author":14,"featured_media":0,"parent":0,"menu_order":28,"comment_status":"closed","ping_status":"closed","template":"partners.php","meta":{"_acf_changed":false,"footnotes":""},"class_list":["post-12108","page","type-page","status-publish","hentry","wpautop"],"acf":[],"_links":{"self":[{"href":"https:\/\/www.aeps-group.com\/cs\/wp-json\/wp\/v2\/pages\/12108"}],"collection":[{"href":"https:\/\/www.aeps-group.com\/cs\/wp-json\/wp\/v2\/pages"}],"about":[{"href":"https:\/\/www.aeps-group.com\/cs\/wp-json\/wp\/v2\/types\/page"}],"author":[{"embeddable":true,"href":"https:\/\/www.aeps-group.com\/cs\/wp-json\/wp\/v2\/users\/14"}],"replies":[{"embeddable":true,"href":"https:\/\/www.aeps-group.com\/cs\/wp-json\/wp\/v2\/comments?post=12108"}],"version-history":[{"count":0,"href":"https:\/\/www.aeps-group.com\/cs\/wp-json\/wp\/v2\/pages\/12108\/revisions"}],"wp:attachment":[{"href":"https:\/\/www.aeps-group.com\/cs\/wp-json\/wp\/v2\/media?parent=12108"}],"curies":[{"name":"wp","href":"https:\/\/api.w.org\/{rel}","templated":true}]}}