{"id":11348,"date":"2023-08-28T16:36:48","date_gmt":"2023-08-28T14:36:48","guid":{"rendered":"https:\/\/www.aeps-group.com\/?page_id=11348"},"modified":"2026-01-08T13:31:14","modified_gmt":"2026-01-08T12:31:14","slug":"privacy-policy","status":"publish","type":"page","link":"https:\/\/www.aeps-group.com\/cs\/privacy-policy\/","title":{"rendered":"Alexander Electric Privacy Policy"},"content":{"rendered":"<p><strong>Alexander Electric<\/strong> is part of the <strong>A<\/strong>lexander <strong>E<\/strong>lectric <strong>P<\/strong>ower <strong>S<\/strong>upply <strong>Group<\/strong>. This privacy policy will explain how our organization uses the personal data we collect from you when you use our website.<\/p>\n<p>Topics:<\/p>\n<ul>\n<li><a href=\"#what-data-do-we-collect\">What data do we collect?<\/a><\/li>\n<li><a href=\"#how-do-we-collect-your-data\">How do we collect your data?<\/a><\/li>\n<li><a href=\"#how-will-we-use-your-data\">How will we use your data?<\/a><\/li>\n<li><a href=\"#how-do-we-store-your-data\">How do we store your data?<\/a><\/li>\n<li><a href=\"#marketing\">Marketing<\/a><\/li>\n<li><a href=\"#what-are-your-data-protection-rights\">What are your data protection rights?<\/a><\/li>\n<li><a href=\"#cookies\">What are cookies?<\/a><\/li>\n<li><a href=\"#how-do-we-use-cookies\">How do we use cookies?<\/a><\/li>\n<li><a href=\"#what-types-of-cookies-do-we-use\">What types of cookies do we use?<\/a><\/li>\n<li><a href=\"#how-to-manage-cookies\">How to manage your cookies<\/a><\/li>\n<li><a href=\"#privacy-policies-of-other-websites\">Privacy policies of other websites<\/a><\/li>\n<li><a href=\"#changes-to-our-privacy-policy\">Changes to our privacy policy<\/a><\/li>\n<li><a href=\"#how-to-contact-us\">How to contact us<\/a><\/li>\n<li><a href=\"#how-to-contact-the-appropriate-authority\">How to contact the appropriate authorities<\/a><\/li>\n<\/ul>\n<p>&nbsp;<\/p>\n<h3 id=\"what-data-do-we-collect\">What data do we collect?<\/h3>\n<p><strong>Alexander Electric<\/strong> collects the following data:<\/p>\n<ul>\n<li>Personal identification information (name, email, address, phone number)<\/li>\n<li>Cookies<\/li>\n<\/ul>\n<p>&nbsp;<\/p>\n<h3 id=\"how-do-we-collect-your-data\">How do we collect your data?<\/h3>\n<p>You directly provide <strong>Alexander Electric<\/strong> with most of the data we collect. We collect data and process data when you:<\/p>\n<ul>\n<li>Register online or place an order for any of our products or services.<\/li>\n<li>Voluntarily complete a customer survey or provide feedback on any of our message boards or via email.<\/li>\n<li>Use or view our website via your browser\u2019s cookies.<\/li>\n<\/ul>\n<p><strong>Alexander Electric<\/strong> may also receive your data indirectly from the following sources:<\/p>\n<ul>\n<li>Email correspondence<\/li>\n<\/ul>\n<p>&nbsp;<\/p>\n<h3 id=\"how-will-we-use-your-data\">How will we use your data?<\/h3>\n<p><strong>Alexander Electric<\/strong> collects your data so that we can:<\/p>\n<ul>\n<li>Process your order and manage your account.<\/li>\n<li>Email you with special offers on other products and services we think you might like.<\/li>\n<\/ul>\n<p>If you agree, <strong>Alexander Electric<\/strong> will share your data with our partner companies so that they may offer you their products and services.<\/p>\n<p>When <strong>Alexander Electric<\/strong> processes your order, it may send your data to, and also use the resulting information from, credit reference agencies to prevent fraudulent purchases.<\/p>\n<p>&nbsp;<\/p>\n<h3 id=\"how-do-we-store-your-data\">How do we store your data?<\/h3>\n<p><strong>Alexander Electric<\/strong> securely stores your data at our private servers located in Czech Republic.<\/p>\n<p><strong>Alexander Electric<\/strong> will keep your name, email, address, phone number for 1 year. Once this time period has expired, we will delete your data manually.<\/p>\n<p>&nbsp;<\/p>\n<h3 id=\"marketing\">Marketing<\/h3>\n<p><strong>Alexander Electric<\/strong> would like to send you information about products and services of ours that we think you might like.<\/p>\n<p>If you have agreed to receive marketing, you may always opt out at a later date.<\/p>\n<p>You have the right at any time to stop <strong>Alexander Electric<\/strong> from contacting you for marketing purposes or giving your data to other members of the <strong>Alexander Electric<\/strong> Group.<\/p>\n<p>If you no longer wish to be contacted for marketing purposes, please contact us via <a href=\"https:\/\/www.aeps-group.com\/contacts\">contact form<\/a>.<\/p>\n<p>&nbsp;<\/p>\n<h3 id=\"what-are-your-data-protection-rights\">What are your data protection rights?<\/h3>\n<p><strong>Alexander Electric<\/strong> would like to make sure you are fully aware of all of your data protection rights. Every user is entitled to the following:<\/p>\n<p><strong>The right to access<\/strong> \u2013 You have the right to request <strong>Alexander Electric<\/strong> for copies of your personal data. We may charge you a small fee for this service.<\/p>\n<p><strong>The right to rectification<\/strong> \u2013 You have the right to request that <strong>Alexander Electric<\/strong> correct any information you believe is inaccurate. You also have the right to request <strong>Alexander Electric<\/strong> to complete the information you believe is incomplete.<\/p>\n<p><strong>The right to erasure<\/strong> \u2013 You have the right to request that <strong>Alexander Electric<\/strong> erase your personal data, under certain conditions.<\/p>\n<p><strong>The right to restrict processing<\/strong> \u2013 You have the right to request that <strong>Alexander Electric<\/strong> restrict the processing of your personal data, under certain conditions.<\/p>\n<p><strong>The right to object to processing<\/strong> \u2013 You have the right to object to <strong>Alexander Electric<\/strong>\u2019s processing of your personal data, under certain conditions.<\/p>\n<p><strong>The right to data portability<\/strong> \u2013 You have the right to request that <strong>Alexander Electric<\/strong> transfer the data that we have collected to another organization, or directly to you, under certain conditions.<\/p>\n<p>If you make a request, we have one month to respond to you. If you would like to exercise any of these rights, please contact us at our email: <a href=\"mailto:social@aeps-group.cz\">social@aeps-group.cz<\/a><\/p>\n<p>Call us at: <a href=\"tel:+420281001341\">+420 281 001 341<\/a><\/p>\n<p>Or write to us:<\/p>\n<div class=\"font-weight-bold font-size-20 my-2\"><em>PLANAR POWER, s.r.o.<\/em><\/div>\n<p><em>\u0160t\u011brboholsk\u00e1 1307\/44<\/em><br \/>\n<em>10200 Prague 10 \u2013 Hostiva\u0159<\/em><br \/>\n<em>Czech Republic<\/em><\/p>\n<p>&nbsp;<\/p>\n<h3 id=\"cookies\">Cookies<\/h3>\n<p>Cookies are text files placed on your computer to collect standard Internet log information and visitor behavior information. When you visit our websites, we may collect information from you automatically through cookies or similar technology<\/p>\n<p>For further information, visit <a href=\"https:\/\/allaboutcookies.org\" target=\"_blank\" rel=\"noopener\">allaboutcookies.org<\/a>.<\/p>\n<p>&nbsp;<\/p>\n<h3 id=\"how-do-we-use-cookies\">How do we use cookies?<\/h3>\n<p><strong>Alexander Electric<\/strong> uses cookies in a range of ways to improve your experience on our website, including:<\/p>\n<ul>\n<li>Keeping you signed in<\/li>\n<li>Understanding how you use our website<\/li>\n<li>Marketing purposes<\/li>\n<\/ul>\n<p>&nbsp;<\/p>\n<h3 id=\"what-types-of-cookies-do-we-use\">What types of cookies do we use?<\/h3>\n<p>There are a number of different types of cookies, however, our website uses:<\/p>\n<ul>\n<li>Functionality \u2013 <strong>Alexander Electric<\/strong> uses these cookies so that we recognize you on our website and remember your previously selected preferences. These could include what language you prefer and location you are in. A mix of first-party and third-party cookies are used.<\/li>\n<li>Advertising \u2013 <strong>Alexander Electric<\/strong> uses these cookies to collect information about your visit to our website, the content you viewed, the links you followed and information about your browser, device, and your IP address. <strong>Alexander Electric<\/strong> sometimes shares some limited aspects of this data with third parties for advertising purposes. We may also share online data collected through cookies with our advertising partners. This means that when you visit another website, you may be shown advertising based on your browsing patterns on our website.<\/li>\n<\/ul>\n<p>&nbsp;<\/p>\n<h3 id=\"how-to-manage-cookies\">How to manage cookies<\/h3>\n<p>You can set your browser not to accept cookies, and the above website tells you how to remove cookies from your browser. However, in a few cases, some of our website features may not function as a result.<\/p>\n<p>&nbsp;<\/p>\n<h3 id=\"privacy-policies-of-other-websites\">Privacy policies of other websites<\/h3>\n<p>The <strong>Alexander Electric<\/strong> website contains links to other websites. Our privacy policy applies only to our website, so if you click on a link to another website, you should read their privacy policy.<\/p>\n<p>&nbsp;<\/p>\n<h3 id=\"changes-to-our-privacy-policy\">Changes to our privacy policy<\/h3>\n<p><strong>Alexander Electric<\/strong> keeps its privacy policy under regular review and places any updates on this web page. This privacy policy was last updated on 9 January 2019.<\/p>\n<p>&nbsp;<\/p>\n<h3 id=\"how-to-contact-us\">How to contact us<\/h3>\n<p>If you have any questions about <strong>Alexander Electric<\/strong>\u2019s privacy policy, the data we hold on you, or you would like to exercise one of your data protection rights, please do not hesitate to contact us.<\/p>\n<p>Email us at: <a href=\"mailto:social@aeps-group.cz\">social@aeps-group.cz<\/a><\/p>\n<p>Call us: <a href=\"tel:+420281001341\">+420 281 001 341<\/a><\/p>\n<p>Or write to us at:<\/p>\n<div class=\"font-weight-bold font-size-20 my-2\"><em>PLANAR POWER, s.r.o.<\/em><\/div>\n<p><em>\u0160t\u011brboholsk\u00e1 1307\/44<\/em><br \/>\n<em>10200 Prague 10 \u2013 Hostiva\u0159<\/em><br \/>\n<em>Czech Republic<\/em><\/p>\n<p>&nbsp;<\/p>\n<h3 id=\"how-to-contact-the-appropriate-authority\">How to contact the appropriate authority<\/h3>\n<p>Should you wish to report a complaint or if you feel that <strong>Alexander Electric<\/strong> has not addressed your concern in a satisfactory manner, you may contact the Information Commissioner\u2019s Office.<\/p>\n<p>Email: <a href=\"mailto:casework@ico.org.uk\">casework@ico.org.uk<\/a><\/p>\n<p>Address:<\/p>\n<p><em>Information Commissioner\u2019s Office<\/em><br \/>\n<em>Wycliffe House<\/em><br \/>\n<em>Water Lane<\/em><br \/>\n<em>Wilmslow<\/em><br \/>\n<em>Cheshire<\/em><br \/>\n<em>SK9 5AF<\/em><\/p>\n","protected":false},"excerpt":{"rendered":"<p>Alexander Electric is part of the Alexander Electric Power Supply Group. This privacy policy will explain how our organization uses the personal data we collect from you when you use our website.<br \/>\nTopics:<\/p>\n<p><a href=\"#what-data-do-we-collect\">What data do we collect?<\/a><br \/>\n<a href=\"#how-do-we-collect-your-data\">How do we collect your data?<\/a><br \/>\n<a href=\"#how-will-we-use-your-data\">How will we use your data?<\/a><br \/>\n<a href=\"#how-do-we-store-your-data\">How do we store your data?<\/a><br \/>\n<a href=\"#marketing\">Marketing<\/a><br \/>\n<a href=\"#what-are-your-data-protection-rights\">What are your data protection rights?<\/a><br \/>\n<a href=\"#cookies\">What are cookies?<\/a><br \/>\n<a href=\"#how-do-we-use-cookies\">How do we use cookies?<\/a><br \/>\n<a href=\"#what-types-of-cookies-do-we-use\">What types of cookies do we use?<\/a><br \/>\n<a href=\"#how-to-manage-cookies\">How to manage your cookies<\/a><br \/>\n<a href=\"#privacy-policies-of-other-websites\">Privacy policies of other websites<\/a><br \/>\n<a href=\"#changes-to-our-privacy-policy\">Changes to our privacy policy<\/a><br \/>\n<a href=\"#how-to-contact-us\">How to contact us<\/a><br \/>\n<a href=\"#how-to-contact-the-appropriate-authority\">How to contact the appropriate authorities<\/a><\/p>\n<p>&nbsp;<br \/>\nWhat data do we collect?<br \/>\nAlexander Electric collects the following data:<\/p>\n<p>Personal identification information (name, email, address, phone number)<br \/>\nCookies<\/p>\n<p>&nbsp;<br \/>\nHow do we collect your data?<br \/>\nYou directly provide Alexander Electric with most of the data we collect. We collect data and process data when you:<\/p>\n<p>Register online or place an order for any of our products or services.<br \/>\nVoluntarily complete a customer survey or provide feedback on any of our message boards or via email.<br \/>\nUse or view our website via your browser\u2019s cookies.<\/p>\n<p>Alexander Electric may also receive your data indirectly from the following sources:<\/p>\n<p>Email correspondence<\/p>\n<p>&nbsp;<br \/>\nHow will we use your data?<br \/>\nAlexander Electric collects your data so that we can:<\/p>\n<p>Process your order and manage your account.<br \/>\nEmail you with special offers on other products and services we think you might like.<\/p>\n<p>If you agree, Alexander Electric will share your data with our partner companies so that they may offer you their products and services.<br \/>\nWhen Alexander Electric processes your order, it may send your data to, and also use the resulting information from, credit reference agencies to prevent fraudulent purchases.<br \/>\n&nbsp;<br \/>\nHow do we store your data?<br \/>\nAlexander Electric securely stores your data at our private servers located in Czech Republic.<br \/>\nAlexander Electric will keep your name, email, address, phone number for 1 year. Once this time period has expired, we will delete your data manually.<br \/>\n&nbsp;<br \/>\nMarketing<br \/>\nAlexander Electric would like to send you information about products and services of ours that we think you might like.<br \/>\nIf you have agreed to receive marketing, you may always opt out at a later date.<br \/>\nYou have the right at any time to stop Alexander Electric from contacting you for marketing purposes or giving your data to other members of the Alexander Electric Group.<br \/>\nIf you no longer wish to be contacted for marketing purposes, please contact us via <a href=\"https:\/\/www.aeps-group.com\/contacts\">contact form<\/a>.<br \/>\n&nbsp;<br \/>\nWhat are your data protection rights?<br \/>\nAlexander Electric would like to make sure you are fully aware of all of your data protection rights. Every user is entitled to the following:<br \/>\nThe right to access \u2013 You have the right to request Alexander Electric for copies of your personal data. We may charge you a small fee for this service.<br \/>\nThe right to rectification \u2013 You have the right to request that Alexander Electric correct any information you believe is inaccurate. You also have the right to request Alexander Electric to complete the information you believe is incomplete.<br \/>\nThe right to erasure \u2013 You have the right to request that Alexander Electric erase your personal data, under certain conditions.<br \/>\nThe right to restrict processing \u2013 You have the right to request that Alexander Electric restrict the processing of your personal data, under certain conditions.<br \/>\nThe right to object to processing \u2013 You have the right to object to Alexander Electric\u2019s processing of your personal data, under certain conditions.<br \/>\nThe right to data portability \u2013 You have the right to request that Alexander Electric transfer the data that we have collected to another organization, or directly to you, under certain conditions.<br \/>\nIf you make a request, we have one month to respond to you. If you would like to exercise any of these rights, please contact us at our email: <a href=\"mailto:social@aeps-group.cz\">social@aeps-group.cz<\/a><br \/>\nCall us at: <a href=\"tel:+420281001341\">+420 281 001 341<\/a><br \/>\nOr write to us:<br \/>\nPLANAR POWER, s.r.o.<br \/>\n\u0160t\u011brboholsk\u00e1 1307\/44<br \/>\n10200 Prague 10 \u2013 Hostiva\u0159<br \/>\nCzech Republic<br \/>\n&nbsp;<br \/>\nCookies<br \/>\nCookies are text files placed on your computer to collect standard Internet log information and visitor behavior information. When you visit our websites, we may collect information from you automatically through cookies or similar technology<br \/>\nFor further information, visit <a href=\"https:\/\/allaboutcookies.org\" target=\"_blank\" rel=\"noopener\">allaboutcookies.org<\/a>.<br \/>\n&nbsp;<br \/>\nHow do we use cookies?<br \/>\nAlexander Electric uses cookies in a range of ways to improve your experience on our website, including:<\/p>\n<p>Keeping you signed in<br \/>\nUnderstanding how you use our website<br \/>\nMarketing purposes<\/p>\n<p>&nbsp;<br \/>\nWhat types of cookies do we use?<br \/>\nThere are a number of different types of cookies, however, our website uses:<\/p>\n<p>Functionality \u2013 Alexander Electric uses these cookies so that we recognize you on our website and remember your previously selected preferences. These could include what language you prefer and location you are in. A mix of first-party and third-party cookies are used.<br \/>\nAdvertising \u2013 Alexander Electric uses these cookies to collect information about your visit to our website, the content you viewed, the links you followed and information about your browser, device, and your IP address. Alexander Electric sometimes shares some limited aspects of this data with third parties for advertising purposes. We may also share online data collected through cookies with our advertising partners. This means that when you visit another website, you may be shown advertising based on your browsing patterns on our website.<\/p>\n<p>&nbsp;<br \/>\nHow to manage cookies<br \/>\nYou can set your browser not to accept cookies, and the above website tells you how to remove cookies from your browser. However, in a few cases, some of our website features may not function as a result.<br \/>\n&nbsp;<br \/>\nPrivacy policies of other websites<br \/>\nThe Alexander Electric website contains links to other websites. Our privacy policy applies only to our website, so if you click on a link to another website, you should read their privacy policy.<br \/>\n&nbsp;<br \/>\nChanges to our privacy policy<br \/>\nAlexander Electric keeps its privacy policy under regular review and places any updates on this web page. This privacy policy was last updated on 9 January 2019.<br \/>\n&nbsp;<br \/>\nHow to contact us<br \/>\nIf you have any questions about Alexander Electric\u2019s privacy policy, the data we hold on you, or you would like to exercise one of your data protection rights, please do not hesitate to contact us.<br \/>\nEmail us at: <a href=\"mailto:social@aeps-group.cz\">social@aeps-group.cz<\/a><br \/>\nCall us: <a href=\"tel:+420281001341\">+420 281 001 341<\/a><br \/>\nOr write to us at:<br \/>\nPLANAR POWER, s.r.o.<br \/>\n\u0160t\u011brboholsk\u00e1 1307\/44<br \/>\n10200 Prague 10 \u2013 Hostiva\u0159<br \/>\nCzech Republic<br \/>\n&nbsp;<br \/>\nHow to contact the appropriate authority<br \/>\nShould you wish to report a complaint or if you feel that Alexander Electric has not addressed your concern in a satisfactory manner, you may contact the Information Commissioner\u2019s Office.<br \/>\nEmail: <a href=\"mailto:casework@ico.org.uk\">casework@ico.org.uk<\/a><br \/>\nAddress:<br \/>\nInformation Commissioner\u2019s Office<br \/>\nWycliffe House<br \/>\nWater Lane<br \/>\nWilmslow<br \/>\nCheshire<br \/>\nSK9 5AF<\/p>\n","protected":false},"author":14,"featured_media":0,"parent":0,"menu_order":6,"comment_status":"closed","ping_status":"closed","template":"","meta":{"_acf_changed":false,"footnotes":""},"class_list":["post-11348","page","type-page","status-publish","hentry","wpautop"],"acf":[],"_links":{"self":[{"href":"https:\/\/www.aeps-group.com\/cs\/wp-json\/wp\/v2\/pages\/11348"}],"collection":[{"href":"https:\/\/www.aeps-group.com\/cs\/wp-json\/wp\/v2\/pages"}],"about":[{"href":"https:\/\/www.aeps-group.com\/cs\/wp-json\/wp\/v2\/types\/page"}],"author":[{"embeddable":true,"href":"https:\/\/www.aeps-group.com\/cs\/wp-json\/wp\/v2\/users\/14"}],"replies":[{"embeddable":true,"href":"https:\/\/www.aeps-group.com\/cs\/wp-json\/wp\/v2\/comments?post=11348"}],"version-history":[{"count":0,"href":"https:\/\/www.aeps-group.com\/cs\/wp-json\/wp\/v2\/pages\/11348\/revisions"}],"wp:attachment":[{"href":"https:\/\/www.aeps-group.com\/cs\/wp-json\/wp\/v2\/media?parent=11348"}],"curies":[{"name":"wp","href":"https:\/\/api.w.org\/{rel}","templated":true}]}}