{"id":10259,"date":"2019-04-04T15:36:04","date_gmt":"2019-04-04T13:36:04","guid":{"rendered":"https:\/\/www.aeps-group.com\/products\/"},"modified":"2022-04-14T09:39:51","modified_gmt":"2022-04-14T07:39:51","slug":"products","status":"publish","type":"page","link":"https:\/\/www.aeps-group.com\/cs\/products\/","title":{"rendered":"Pr\u016fvodce produkty"},"content":{"rendered":"<p style=\"text-align: left;\"><span style=\"color: #ff9900; font-size: 24px;\">V\u00fdhody na\u0161ich nap\u00e1jec\u00edch zdroj\u016f a m\u011bni\u010d\u016f<\/span><\/p>\n<ul>\n<li><span style=\"color: #ff9900;\">Plan\u00e1rn\u00ed ultratenk\u00fd design.<\/span> Ploch\u00e1 konstrukce na\u0161ich m\u011bni\u010d\u016f umo\u017e\u0148uje jejich um\u00edst\u011bn\u00ed do t\u011bsn\u00fdch prostor\u016f s \u00fazk\u00fdmi rozm\u011bry.<\/li>\n<li><span style=\"color: #ff9900;\">Vysok\u00e1 v\u00fdkonov\u00e1 hustota.<\/span> Maximalizovan\u00e1 hodnota v\u00fdkonu na objem znamen\u00e1, \u017ee na\u0161e produkty zab\u00edraj\u00ed m\u00e1lo m\u00edsta, co\u017e \u0161et\u0159\u00ed m\u00edsto uvnit\u0159 za\u0159\u00edzen\u00ed.<\/li>\n<li><span style=\"color: #ff9900;\">Ur\u010deno pro jednostrann\u00e9 konduk\u010dn\u00ed (vodiv\u00e9) chlazen\u00ed.<\/span> V\u011bt\u0161ina na\u0161ich zdroj\u016f je vytvo\u0159ena pro jednostrann\u00e9 konduk\u010dn\u00ed chlazen\u00ed, co\u017e z nich d\u011bl\u00e1 skv\u011blou volbu pro modern\u00ed n\u00e1vrh za\u0159\u00edzen\u00ed spol\u00e9haj\u00edc\u00ed na vzduchem chlazen\u00e9 nebo kapalinou chlazen\u00e9 syst\u00e9my. Z\u00e1kladn\u00ed povrch je CNC fr\u00e9zovan\u00fd, co\u017e umo\u017e\u0148uje nej\u00fa\u010dinn\u011bj\u0161\u00ed spojen\u00ed pro p\u0159enos tepla kondukc\u00ed.<\/li>\n<li><span style=\"color: #ff9900;\">Vysok\u00fd rozsah provozn\u00edch teplot a\u017e -60 &#8230; +125 \u00b0\u0421.<\/span> Na\u0161e produkty jsou schopny bezpe\u010dn\u011b pracovat p\u0159i extr\u00e9mn\u011b n\u00edzk\u00fdch nebo vysok\u00fdch teplot\u00e1ch jejich z\u00e1klad\u016f, co\u017e minimalizuje n\u00e1klady chladic\u00ed soustavy.<\/li>\n<li><span style=\"color: #ff9900;\">Odolnost proti vibrac\u00edm a mechanick\u00fdm n\u00e1raz\u016fm.<\/span> Vysok\u00e1 mechanick\u00e1 odolnost je zaji\u0161t\u011bna speci\u00e1ln\u00ed mechanickou konstrukc\u00ed. Polymerov\u00e9 zal\u00e9v\u00e1n\u00ed \u010din\u00ed konstrukci na\u0161ich v\u00fdrobk\u016f odolnou v\u016f\u010di n\u00e1raz\u016fm a dostate\u010dn\u011b robustn\u00ed, aby odolala vibrac\u00edm a ot\u0159es\u016fm a\u017e do 1000 G a v\u00edce.<\/li>\n<li><span style=\"color: #ff9900;\">Odolnost v\u016f\u010di faktor\u016fm prost\u0159ed\u00ed.<\/span> Na\u0161e zdroje jsou schopny provozu v pra\u0161n\u00fdch podm\u00ednk\u00e1ch, ve zv\u00fd\u0161en\u00e9 vlhkosti a soln\u00e9 mlze.<\/li>\n<li><span style=\"color: #ff9900;\">Dal\u0161\u00ed funkce.<\/span> Paraleln\u00ed a redundantn\u00ed provoz, analogov\u00e9 nastaven\u00ed v\u00fdstupn\u00edho nap\u011bt\u00ed, extern\u00ed zp\u011btn\u00e1 vazba, sign\u00e1ly &#8222;DC OK&#8220;, d\u00e1lkov\u00e9 ovl\u00e1d\u00e1n\u00ed atd.<\/li>\n<li><span style=\"color: #ff9900;\">Soulad s normami.<\/span> Na\u0161e produkty jsou navr\u017eeny a vyrobeny tak, aby spl\u0148ovaly r\u016fzn\u00e9 normy d\u016fle\u017eit\u00e9 pro pou\u017eit\u00ed v mnoha typech za\u0159\u00edzen\u00ed a bezpe\u010dnost.<\/li>\n<li><span style=\"color: #ff9900;\">P\u0159izp\u016fsoben\u00ed a vytvo\u0159en\u00ed nap\u00e1jec\u00edho syst\u00e9mu na m\u00edru.<\/span> Na\u0161e bohat\u00e9 zku\u0161enosti a velk\u00e9 mno\u017estv\u00ed dokon\u010den\u00fdch projekt\u016f n\u00e1m umo\u017e\u0148uje poskytovat upraven\u00e9 modely standardn\u00edch produkt\u016f nebo vytv\u00e1\u0159et syst\u00e9my pln\u011b na m\u00edru.<\/li>\n<\/ul>\n<p><span style=\"color: #ff9900;\">Na\u0161e produkty jsou vyrobeny tak, aby umo\u017e\u0148ovaly spolehliv\u00fd provoz va\u0161eho za\u0159\u00edzen\u00ed v \u0161irok\u00e9 \u0161k\u00e1le n\u00e1ro\u010dn\u00fdch podm\u00ednek prost\u0159ed\u00ed.<\/span> Od superpo\u010d\u00edta\u010d\u016f po vzduchot\u011bsn\u00e9 prostory. Od vysoko-l\u00e9taj\u00edc\u00edch dron\u016f a\u017e po hork\u00e9 pou\u0161tn\u00ed a arktick\u00e9 podm\u00ednky. Od horsk\u00fdch telekomunika\u010dn\u00edch stanic a\u017e po ter\u00e9nn\u00ed vozy a transport\u00e9ry&#8230;<\/p>\n","protected":false},"excerpt":{"rendered":"<p>V\u00fdhody na\u0161ich nap\u00e1jec\u00edch zdroj\u016f a m\u011bni\u010d\u016f<\/p>\n<p>Plan\u00e1rn\u00ed ultratenk\u00fd design. Ploch\u00e1 konstrukce na\u0161ich m\u011bni\u010d\u016f umo\u017e\u0148uje jejich um\u00edst\u011bn\u00ed do t\u011bsn\u00fdch prostor\u016f s \u00fazk\u00fdmi rozm\u011bry.<br \/>\nVysok\u00e1 v\u00fdkonov\u00e1 hustota. Maximalizovan\u00e1 hodnota v\u00fdkonu na objem znamen\u00e1, \u017ee na\u0161e produkty zab\u00edraj\u00ed m\u00e1lo m\u00edsta, co\u017e \u0161et\u0159\u00ed m\u00edsto uvnit\u0159 za\u0159\u00edzen\u00ed.<br \/>\nUr\u010deno pro jednostrann\u00e9 konduk\u010dn\u00ed (vodiv\u00e9) chlazen\u00ed. V\u011bt\u0161ina na\u0161ich zdroj\u016f je vytvo\u0159ena pro jednostrann\u00e9 konduk\u010dn\u00ed chlazen\u00ed, co\u017e z nich d\u011bl\u00e1 skv\u011blou volbu pro modern\u00ed n\u00e1vrh za\u0159\u00edzen\u00ed spol\u00e9haj\u00edc\u00ed na vzduchem chlazen\u00e9 nebo kapalinou chlazen\u00e9 syst\u00e9my. Z\u00e1kladn\u00ed povrch je CNC fr\u00e9zovan\u00fd, co\u017e umo\u017e\u0148uje nej\u00fa\u010dinn\u011bj\u0161\u00ed spojen\u00ed pro p\u0159enos tepla kondukc\u00ed.<br \/>\nVysok\u00fd rozsah provozn\u00edch teplot a\u017e -60 &#8230; +125 \u00b0\u0421. Na\u0161e produkty jsou schopny bezpe\u010dn\u011b pracovat p\u0159i extr\u00e9mn\u011b n\u00edzk\u00fdch nebo vysok\u00fdch teplot\u00e1ch jejich z\u00e1klad\u016f, co\u017e minimalizuje n\u00e1klady chladic\u00ed soustavy.<br \/>\nOdolnost proti vibrac\u00edm a mechanick\u00fdm n\u00e1raz\u016fm. Vysok\u00e1 mechanick\u00e1 odolnost je zaji\u0161t\u011bna speci\u00e1ln\u00ed mechanickou konstrukc\u00ed. Polymerov\u00e9 zal\u00e9v\u00e1n\u00ed \u010din\u00ed konstrukci na\u0161ich v\u00fdrobk\u016f odolnou v\u016f\u010di n\u00e1raz\u016fm a dostate\u010dn\u011b robustn\u00ed, aby odolala vibrac\u00edm a ot\u0159es\u016fm a\u017e do 1000 G a v\u00edce.<br \/>\nOdolnost v\u016f\u010di faktor\u016fm prost\u0159ed\u00ed. Na\u0161e zdroje jsou schopny provozu v pra\u0161n\u00fdch podm\u00ednk\u00e1ch, ve zv\u00fd\u0161en\u00e9 vlhkosti a soln\u00e9 mlze.<br \/>\nDal\u0161\u00ed funkce. Paraleln\u00ed a redundantn\u00ed provoz, analogov\u00e9 nastaven\u00ed v\u00fdstupn\u00edho nap\u011bt\u00ed, extern\u00ed zp\u011btn\u00e1 vazba, sign\u00e1ly &#8222;DC OK&#8220;, d\u00e1lkov\u00e9 ovl\u00e1d\u00e1n\u00ed atd.<br \/>\nSoulad s normami. Na\u0161e produkty jsou navr\u017eeny a vyrobeny tak, aby spl\u0148ovaly r\u016fzn\u00e9 normy d\u016fle\u017eit\u00e9 pro pou\u017eit\u00ed v mnoha typech za\u0159\u00edzen\u00ed a bezpe\u010dnost.<br \/>\nP\u0159izp\u016fsoben\u00ed a vytvo\u0159en\u00ed nap\u00e1jec\u00edho syst\u00e9mu na m\u00edru. Na\u0161e bohat\u00e9 zku\u0161enosti a velk\u00e9 mno\u017estv\u00ed dokon\u010den\u00fdch projekt\u016f n\u00e1m umo\u017e\u0148uje poskytovat upraven\u00e9 modely standardn\u00edch produkt\u016f nebo vytv\u00e1\u0159et syst\u00e9my pln\u011b na m\u00edru.<\/p>\n<p>Na\u0161e produkty jsou vyrobeny tak, aby umo\u017e\u0148ovaly spolehliv\u00fd provoz va\u0161eho za\u0159\u00edzen\u00ed v \u0161irok\u00e9 \u0161k\u00e1le n\u00e1ro\u010dn\u00fdch podm\u00ednek prost\u0159ed\u00ed. Od superpo\u010d\u00edta\u010d\u016f po vzduchot\u011bsn\u00e9 prostory. Od vysoko-l\u00e9taj\u00edc\u00edch dron\u016f a\u017e po hork\u00e9 pou\u0161tn\u00ed a arktick\u00e9 podm\u00ednky. Od horsk\u00fdch telekomunika\u010dn\u00edch stanic a\u017e po ter\u00e9nn\u00ed vozy a transport\u00e9ry&#8230;<\/p>\n","protected":false},"author":4,"featured_media":0,"parent":0,"menu_order":70,"comment_status":"closed","ping_status":"closed","template":"product-cat.php","meta":{"_acf_changed":false,"footnotes":""},"class_list":["post-10259","page","type-page","status-publish","hentry","wpautop"],"acf":[],"_links":{"self":[{"href":"https:\/\/www.aeps-group.com\/cs\/wp-json\/wp\/v2\/pages\/10259"}],"collection":[{"href":"https:\/\/www.aeps-group.com\/cs\/wp-json\/wp\/v2\/pages"}],"about":[{"href":"https:\/\/www.aeps-group.com\/cs\/wp-json\/wp\/v2\/types\/page"}],"author":[{"embeddable":true,"href":"https:\/\/www.aeps-group.com\/cs\/wp-json\/wp\/v2\/users\/4"}],"replies":[{"embeddable":true,"href":"https:\/\/www.aeps-group.com\/cs\/wp-json\/wp\/v2\/comments?post=10259"}],"version-history":[{"count":0,"href":"https:\/\/www.aeps-group.com\/cs\/wp-json\/wp\/v2\/pages\/10259\/revisions"}],"wp:attachment":[{"href":"https:\/\/www.aeps-group.com\/cs\/wp-json\/wp\/v2\/media?parent=10259"}],"curies":[{"name":"wp","href":"https:\/\/api.w.org\/{rel}","templated":true}]}}